{"id":30846,"date":"2026-01-29T09:33:50","date_gmt":"2026-01-29T09:33:50","guid":{"rendered":"https:\/\/infinity-africa.finance\/?page_id=30846"},"modified":"2026-03-25T11:43:35","modified_gmt":"2026-03-25T11:43:35","slug":"notre-expertise","status":"publish","type":"page","link":"https:\/\/infinity-africa.finance\/en\/notre-expertise\/","title":{"rendered":"Our expertise"},"content":{"rendered":"<div data-elementor-type=\"wp-page\" data-elementor-id=\"30846\" class=\"elementor elementor-30846\" data-elementor-post-type=\"page\">\n\t\t\t\t<div class=\"elementor-element elementor-element-4c4da36 e-flex e-con-boxed tm-col-stretched-none tm-bg-color-over-image e-con e-parent\" data-id=\"4c4da36\" data-element_type=\"container\" data-e-type=\"container\" data-settings=\"{&quot;background_background&quot;:&quot;classic&quot;}\">\n\t\t\t\t\t<div class=\"e-con-inner\">\n\t\t<div class=\"elementor-element elementor-element-21a8166 tm-col-stretched-none e-flex e-con-boxed tm-bg-color-over-image e-con e-child\" data-id=\"21a8166\" data-element_type=\"container\" data-e-type=\"container\">\n\t\t\t\t\t<div class=\"e-con-inner\">\n\t\t\t\t<div class=\"elementor-element elementor-element-349a39f elementor-widget elementor-widget-heading\" data-id=\"349a39f\" data-element_type=\"widget\" data-e-type=\"widget\" data-widget_type=\"heading.default\">\n\t\t\t\t\t<h2 class=\"elementor-heading-title elementor-size-default\">Infinity Africa Finance se distingue par une proposition de valeur construite autour de cinq piliers compl\u00e9mentaires<\/h2>\t\t\t\t<\/div>\n\t\t\t\t\t<\/div>\n\t\t\t\t<\/div>\n\t\t<div class=\"elementor-element elementor-element-828934e e-con-full e-flex tm-col-stretched-none tm-bg-color-over-image e-con e-child\" data-id=\"828934e\" data-element_type=\"container\" data-e-type=\"container\">\n\t\t<div class=\"elementor-element elementor-element-5cb4a69 e-con-full e-flex tm-col-stretched-none tm-bg-color-over-image e-con e-child\" data-id=\"5cb4a69\" data-element_type=\"container\" data-e-type=\"container\">\n\t\t\t\t<div class=\"elementor-element elementor-element-c001c03 elementor-widget elementor-widget-tm-ele-service-block\" data-id=\"c001c03\" data-element_type=\"widget\" data-e-type=\"widget\" data-widget_type=\"tm-ele-service-block.skin-style4\">\n\t\t\t\t<div class=\"elementor-widget-container\">\n\t\t\t\t\t\t<div class=\"tm-sc-service tm-service-grid tm-sc-service-skin-style4\">\r\n\t\t<!-- Isotope Gallery Grid -->\r\n\t\t<div id=\"service-block-holder-947720\" class=\"isotope-layout grid-1 gutter-10   clearfix\">\r\n\t\t\t<div class=\"isotope-layout-inner\">\r\n\t\t\t\t<!-- the loop -->\r\n\t\t\t\t\t\t\t\t\t\t\t\t\t\t\t\t<div class=\"isotope-item service-item elementor-repeater-item-0472093\" data-wow-delay=\"\">\r\n\t\t\t\t\t<!-- Service Block Style1-->\r\n\r\n<div class=\"service-block-style4\">\r\n\t<div class=\"content\">\r\n\t\t<div class=\"icon-wrp\">\r\n\t\t\t<div class=\"service-icon\">\r\n\t<i aria-hidden=\"true\" class=\"flaticon-set-business-star-of-david\"><\/i><\/div>\t\t\t<span class=\"number\">01<\/span>\r\n\t\t<\/div>\r\n\t\t\r\n\t\t<h4 class=\"service-title\">\r\n\t\t\t\t\tExpertise en financements innovants\t\t\t<\/h4>\r\n\t\t<\/div>\r\n\t\r\n\t\t\r\n<div class=\"service-featured-img\">\r\n\t<img fetchpriority=\"high\" decoding=\"async\" src=\"https:\/\/infinity-africa.finance\/wp-content\/uploads\/2026\/03\/IMAGE-1-SLIDE-20.jpg\" width=\"410\" height=\"270\" alt=\"\">\r\n<\/div><\/div>\t\t\t\t<\/div>\r\n\t\t\t\t\t\t\t\t<!-- end of the loop -->\r\n\t\t\t<\/div>\r\n\t\t<\/div>\r\n\t\t\t<\/div>\r\n\r\n\t\t\t\t<\/div>\n\t\t\t\t<\/div>\n\t\t\t\t<div class=\"elementor-element elementor-element-e1c22b3 elementor-widget elementor-widget-tm-ele-text-editor\" data-id=\"e1c22b3\" data-element_type=\"widget\" data-e-type=\"widget\" data-widget_type=\"tm-ele-text-editor.default\">\n\t\t\t\t<div class=\"elementor-widget-container\">\n\t\t\t\t\t\t\t<div class=\"tm-text-editor\">\r\n\t\t<h5><span class=\"a_GcMg\">Ma\u00eetrise de la finance <\/span><span class=\"a_GcMg\">verte, de la finance <\/span><span class=\"a_GcMg\">d\u2019impact, des <\/span><span class=\"a_GcMg\">financements <\/span><span class=\"a_GcMg\">alternatifs et de la <\/span><span class=\"a_GcMg\">finance islamique.<\/span><\/h5>\t\t<\/div>\r\n\t\t\t\t\t<\/div>\n\t\t\t\t<\/div>\n\t\t\t\t<\/div>\n\t\t<div class=\"elementor-element elementor-element-6b42a9e e-con-full e-flex tm-col-stretched-none tm-bg-color-over-image e-con e-child\" data-id=\"6b42a9e\" data-element_type=\"container\" data-e-type=\"container\">\n\t\t\t\t<div class=\"elementor-element elementor-element-2ffacf0 elementor-widget elementor-widget-tm-ele-service-block\" data-id=\"2ffacf0\" data-element_type=\"widget\" data-e-type=\"widget\" data-widget_type=\"tm-ele-service-block.skin-style4\">\n\t\t\t\t<div class=\"elementor-widget-container\">\n\t\t\t\t\t\t<div class=\"tm-sc-service tm-service-grid tm-sc-service-skin-style4\">\r\n\t\t<!-- Isotope Gallery Grid -->\r\n\t\t<div id=\"service-block-holder-691449\" class=\"isotope-layout grid-1 gutter-10   clearfix\">\r\n\t\t\t<div class=\"isotope-layout-inner\">\r\n\t\t\t\t<!-- the loop -->\r\n\t\t\t\t\t\t\t\t\t\t\t\t\t\t\t\t<div class=\"isotope-item service-item elementor-repeater-item-0472093\" data-wow-delay=\"\">\r\n\t\t\t\t\t<!-- Service Block Style1-->\r\n\r\n<div class=\"service-block-style4\">\r\n\t<div class=\"content\">\r\n\t\t<div class=\"icon-wrp\">\r\n\t\t\t<div class=\"service-icon\">\r\n\t<i aria-hidden=\"true\" class=\"flaticon-set-business-cube-2\"><\/i><\/div>\t\t\t<span class=\"number\">02<\/span>\r\n\t\t<\/div>\r\n\t\t\r\n\t\t<h4 class=\"service-title\">\r\n\t\t\t\t\tHigh-level strategic advice\t\t\t<\/h4>\r\n\t\t<\/div>\r\n\t\r\n\t\t\r\n<div class=\"service-featured-img\">\r\n\t<img decoding=\"async\" src=\"https:\/\/infinity-africa.finance\/wp-content\/uploads\/2026\/03\/Ismael-Adam-CISSE.jpg\" width=\"410\" height=\"270\" alt=\"\">\r\n<\/div><\/div>\t\t\t\t<\/div>\r\n\t\t\t\t\t\t\t\t<!-- end of the loop -->\r\n\t\t\t<\/div>\r\n\t\t<\/div>\r\n\t\t\t<\/div>\r\n\r\n\t\t\t\t<\/div>\n\t\t\t\t<\/div>\n\t\t\t\t<div class=\"elementor-element elementor-element-2e84455 elementor-widget elementor-widget-tm-ele-text-editor\" data-id=\"2e84455\" data-element_type=\"widget\" data-e-type=\"widget\" data-widget_type=\"tm-ele-text-editor.default\">\n\t\t\t\t<div class=\"elementor-widget-container\">\n\t\t\t\t\t\t\t<div class=\"tm-text-editor\">\r\n\t\t<h5><span class=\"a_GcMg\">Un accompagnement <\/span><span class=\"a_GcMg\">sur les d\u00e9cisions <\/span><span class=\"a_GcMg\">structurantes : <\/span><span class=\"a_GcMg\">croissance, <\/span><span class=\"a_GcMg\">restructuration, <\/span><span class=\"a_GcMg\">gouvernance, strat\u00e9gie <\/span><span class=\"a_GcMg\">financi\u00e8re.<\/span><\/h5>\t\t<\/div>\r\n\t\t\t\t\t<\/div>\n\t\t\t\t<\/div>\n\t\t\t\t<\/div>\n\t\t<div class=\"elementor-element elementor-element-e451834 e-con-full e-flex tm-col-stretched-none tm-bg-color-over-image e-con e-child\" data-id=\"e451834\" data-element_type=\"container\" data-e-type=\"container\">\n\t\t\t\t<div class=\"elementor-element elementor-element-e121c45 elementor-widget elementor-widget-tm-ele-service-block\" data-id=\"e121c45\" data-element_type=\"widget\" data-e-type=\"widget\" data-widget_type=\"tm-ele-service-block.skin-style4\">\n\t\t\t\t<div class=\"elementor-widget-container\">\n\t\t\t\t\t\t<div class=\"tm-sc-service tm-service-grid tm-sc-service-skin-style4\">\r\n\t\t<!-- Isotope Gallery Grid -->\r\n\t\t<div id=\"service-block-holder-426192\" class=\"isotope-layout grid-1 gutter-10   clearfix\">\r\n\t\t\t<div class=\"isotope-layout-inner\">\r\n\t\t\t\t<!-- the loop -->\r\n\t\t\t\t\t\t\t\t\t\t\t\t\t\t\t\t<div class=\"isotope-item service-item elementor-repeater-item-0472093\" data-wow-delay=\"\">\r\n\t\t\t\t\t<!-- Service Block Style1-->\r\n\r\n<div class=\"service-block-style4\">\r\n\t<div class=\"content\">\r\n\t\t<div class=\"icon-wrp\">\r\n\t\t\t<div class=\"service-icon\">\r\n\t<i aria-hidden=\"true\" class=\"flaticon-set-business-growth\"><\/i><\/div>\t\t\t<span class=\"number\">03<\/span>\r\n\t\t<\/div>\r\n\t\t\r\n\t\t<h4 class=\"service-title\">\r\n\t\t\t\t\tFintech & digitalisation du financement \t\t\t<\/h4>\r\n\t\t<\/div>\r\n\t\r\n\t\t\r\n<div class=\"service-featured-img\">\r\n\t<img decoding=\"async\" src=\"https:\/\/infinity-africa.finance\/wp-content\/uploads\/2026\/03\/IMAGE-3-SLIDE-20.jpg\" width=\"410\" height=\"270\" alt=\"\">\r\n<\/div><\/div>\t\t\t\t<\/div>\r\n\t\t\t\t\t\t\t\t<!-- end of the loop -->\r\n\t\t\t<\/div>\r\n\t\t<\/div>\r\n\t\t\t<\/div>\r\n\r\n\t\t\t\t<\/div>\n\t\t\t\t<\/div>\n\t\t\t\t<div class=\"elementor-element elementor-element-e3e43c9 elementor-widget elementor-widget-tm-ele-text-editor\" data-id=\"e3e43c9\" data-element_type=\"widget\" data-e-type=\"widget\" data-widget_type=\"tm-ele-text-editor.default\">\n\t\t\t\t<div class=\"elementor-widget-container\">\n\t\t\t\t\t\t\t<div class=\"tm-text-editor\">\r\n\t\t<h5><span class=\"a_GcMg\">D\u00e9veloppement de solutions <\/span><span class=\"a_GcMg\">technologiques permettant <\/span><span class=\"a_GcMg\">de fluidifier les parcours de <\/span><span class=\"a_GcMg\">financement, d\u2019am\u00e9liorer la <\/span><span class=\"a_GcMg\">transparence et de r\u00e9duire <\/span><span class=\"a_GcMg\">les d\u00e9lais d\u2019acc\u00e8s au capital.<\/span><\/h5>\t\t<\/div>\r\n\t\t\t\t\t<\/div>\n\t\t\t\t<\/div>\n\t\t\t\t<\/div>\n\t\t\t\t<\/div>\n\t\t<div class=\"elementor-element elementor-element-f64ed47 e-con-full e-flex tm-col-stretched-none tm-bg-color-over-image e-con e-child\" data-id=\"f64ed47\" data-element_type=\"container\" data-e-type=\"container\">\n\t\t<div class=\"elementor-element elementor-element-6390bbb e-con-full e-flex tm-col-stretched-none tm-bg-color-over-image e-con e-child\" data-id=\"6390bbb\" data-element_type=\"container\" data-e-type=\"container\">\n\t\t\t\t<div class=\"elementor-element elementor-element-decec31 elementor-widget elementor-widget-tm-ele-service-block\" data-id=\"decec31\" data-element_type=\"widget\" data-e-type=\"widget\" data-widget_type=\"tm-ele-service-block.skin-style4\">\n\t\t\t\t<div class=\"elementor-widget-container\">\n\t\t\t\t\t\t<div class=\"tm-sc-service tm-service-grid tm-sc-service-skin-style4\">\r\n\t\t<!-- Isotope Gallery Grid -->\r\n\t\t<div id=\"service-block-holder-332779\" class=\"isotope-layout grid-1 gutter-10   clearfix\">\r\n\t\t\t<div class=\"isotope-layout-inner\">\r\n\t\t\t\t<!-- the loop -->\r\n\t\t\t\t\t\t\t\t\t\t\t\t\t\t\t\t<div class=\"isotope-item service-item elementor-repeater-item-0472093\" data-wow-delay=\"\">\r\n\t\t\t\t\t<!-- Service Block Style1-->\r\n\r\n<div class=\"service-block-style4\">\r\n\t<div class=\"content\">\r\n\t\t<div class=\"icon-wrp\">\r\n\t\t\t<div class=\"service-icon\">\r\n\t<i aria-hidden=\"true\" class=\"flaticon-set-business-star-of-david\"><\/i><\/div>\t\t\t<span class=\"number\">04<\/span>\r\n\t\t<\/div>\r\n\t\t\r\n\t\t<h4 class=\"service-title\">\r\n\t\t\t\t\tMa\u00eetrise de l\u2019\u00e9cosyst\u00e8me r\u00e9gional \t\t\t<\/h4>\r\n\t\t<\/div>\r\n\t\r\n\t\t\r\n<div class=\"service-featured-img\">\r\n\t<img loading=\"lazy\" decoding=\"async\" src=\"https:\/\/infinity-africa.finance\/wp-content\/uploads\/2026\/03\/IMAGE-4-SLIDE-40.jpg\" width=\"2000\" height=\"1121\" alt=\"\">\r\n<\/div><\/div>\t\t\t\t<\/div>\r\n\t\t\t\t\t\t\t\t<!-- end of the loop -->\r\n\t\t\t<\/div>\r\n\t\t<\/div>\r\n\t\t\t<\/div>\r\n\r\n\t\t\t\t<\/div>\n\t\t\t\t<\/div>\n\t\t\t\t<div class=\"elementor-element elementor-element-10620e5 elementor-widget elementor-widget-tm-ele-text-editor\" data-id=\"10620e5\" data-element_type=\"widget\" data-e-type=\"widget\" data-widget_type=\"tm-ele-text-editor.default\">\n\t\t\t\t<div class=\"elementor-widget-container\">\n\t\t\t\t\t\t\t<div class=\"tm-text-editor\">\r\n\t\t<h5>Un r\u00e9seau solide d\u2019investisseurs, de banques et d\u2019institutions, combin\u00e9 \u00e0 une parfaite connaissance des march\u00e9s locaux.<\/h5>\t\t<\/div>\r\n\t\t\t\t\t<\/div>\n\t\t\t\t<\/div>\n\t\t\t\t<\/div>\n\t\t<div class=\"elementor-element elementor-element-cab2ef0 e-con-full e-flex tm-col-stretched-none tm-bg-color-over-image e-con e-child\" data-id=\"cab2ef0\" data-element_type=\"container\" data-e-type=\"container\">\n\t\t\t\t<div class=\"elementor-element elementor-element-386f52f elementor-widget elementor-widget-tm-ele-service-block\" data-id=\"386f52f\" data-element_type=\"widget\" data-e-type=\"widget\" data-widget_type=\"tm-ele-service-block.skin-style4\">\n\t\t\t\t<div class=\"elementor-widget-container\">\n\t\t\t\t\t\t<div class=\"tm-sc-service tm-service-grid tm-sc-service-skin-style4\">\r\n\t\t<!-- Isotope Gallery Grid -->\r\n\t\t<div id=\"service-block-holder-943474\" class=\"isotope-layout grid-1 gutter-10   clearfix\">\r\n\t\t\t<div class=\"isotope-layout-inner\">\r\n\t\t\t\t<!-- the loop -->\r\n\t\t\t\t\t\t\t\t\t\t\t\t\t\t\t\t<div class=\"isotope-item service-item elementor-repeater-item-0472093\" data-wow-delay=\"\">\r\n\t\t\t\t\t<!-- Service Block Style1-->\r\n\r\n<div class=\"service-block-style4\">\r\n\t<div class=\"content\">\r\n\t\t<div class=\"icon-wrp\">\r\n\t\t\t<div class=\"service-icon\">\r\n\t<i aria-hidden=\"true\" class=\"flaticon-set-business-cube-2\"><\/i><\/div>\t\t\t<span class=\"number\">05<\/span>\r\n\t\t<\/div>\r\n\t\t\r\n\t\t<h4 class=\"service-title\">\r\n\t\t\t\t\tOperational excellence\t\t\t<\/h4>\r\n\t\t<\/div>\r\n\t\r\n\t\t\r\n<div class=\"service-featured-img\">\r\n\t<img loading=\"lazy\" decoding=\"async\" src=\"https:\/\/infinity-africa.finance\/wp-content\/uploads\/2026\/03\/IMAGE-5-SLIDE-40-1.jpg\" width=\"2000\" height=\"1131\" alt=\"\">\r\n<\/div><\/div>\t\t\t\t<\/div>\r\n\t\t\t\t\t\t\t\t<!-- end of the loop -->\r\n\t\t\t<\/div>\r\n\t\t<\/div>\r\n\t\t\t<\/div>\r\n\r\n\t\t\t\t<\/div>\n\t\t\t\t<\/div>\n\t\t\t\t<div class=\"elementor-element elementor-element-da2cd6c elementor-widget elementor-widget-tm-ele-text-editor\" data-id=\"da2cd6c\" data-element_type=\"widget\" data-e-type=\"widget\" data-widget_type=\"tm-ele-text-editor.default\">\n\t\t\t\t<div class=\"elementor-widget-container\">\n\t\t\t\t\t\t\t<div class=\"tm-text-editor\">\r\n\t\t<h5>Des livrables aux standards internationaux et une capacit\u00e9 \u00e9prouv\u00e9e \u00e0 structurer des op\u00e9rations complexes.<\/h5>\t\t<\/div>\r\n\t\t\t\t\t<\/div>\n\t\t\t\t<\/div>\n\t\t\t\t<\/div>\n\t\t\t\t<\/div>\n\t\t\t\t\t<\/div>\n\t\t\t\t<\/div>\n\t\t\t\t<\/div>","protected":false},"excerpt":{"rendered":"<p>Infinity Africa Finance se distingue par une proposition de valeur construite autour de cinq piliers compl\u00e9mentaires 01 Expertise en financements&#8230;<\/p>","protected":false},"author":2,"featured_media":0,"parent":0,"menu_order":0,"comment_status":"closed","ping_status":"closed","template":"","meta":{"footnotes":""},"class_list":["post-30846","page","type-page","status-publish","hentry"],"_hostinger_reach_plugin_has_subscription_block":false,"_hostinger_reach_plugin_is_elementor":false,"_links":{"self":[{"href":"https:\/\/infinity-africa.finance\/en\/wp-json\/wp\/v2\/pages\/30846","targetHints":{"allow":["GET"]}}],"collection":[{"href":"https:\/\/infinity-africa.finance\/en\/wp-json\/wp\/v2\/pages"}],"about":[{"href":"https:\/\/infinity-africa.finance\/en\/wp-json\/wp\/v2\/types\/page"}],"author":[{"embeddable":true,"href":"https:\/\/infinity-africa.finance\/en\/wp-json\/wp\/v2\/users\/2"}],"replies":[{"embeddable":true,"href":"https:\/\/infinity-africa.finance\/en\/wp-json\/wp\/v2\/comments?post=30846"}],"version-history":[{"count":40,"href":"https:\/\/infinity-africa.finance\/en\/wp-json\/wp\/v2\/pages\/30846\/revisions"}],"predecessor-version":[{"id":31417,"href":"https:\/\/infinity-africa.finance\/en\/wp-json\/wp\/v2\/pages\/30846\/revisions\/31417"}],"wp:attachment":[{"href":"https:\/\/infinity-africa.finance\/en\/wp-json\/wp\/v2\/media?parent=30846"}],"curies":[{"name":"wp","href":"https:\/\/api.w.org\/{rel}","templated":true}]}}