{"id":22036,"date":"2024-12-01T06:46:48","date_gmt":"2024-12-01T06:46:48","guid":{"rendered":"https:\/\/dev243.kodesolution.com\/stratify\/?page_id=22036"},"modified":"2026-03-22T07:27:37","modified_gmt":"2026-03-22T07:27:37","slug":"nos-services","status":"publish","type":"page","link":"https:\/\/infinity-africa.finance\/en\/nos-services\/","title":{"rendered":"Our services"},"content":{"rendered":"<div data-elementor-type=\"wp-page\" data-elementor-id=\"22036\" class=\"elementor elementor-22036\" data-elementor-post-type=\"page\">\n\t\t\t\t<div class=\"elementor-element elementor-element-4c4da36 e-flex e-con-boxed tm-col-stretched-none tm-bg-color-over-image e-con e-parent\" data-id=\"4c4da36\" data-element_type=\"container\" data-e-type=\"container\" data-settings=\"{&quot;background_background&quot;:&quot;classic&quot;}\">\n\t\t\t\t\t<div class=\"e-con-inner\">\n\t\t<div class=\"elementor-element elementor-element-21a8166 tm-col-stretched-none e-flex e-con-boxed tm-bg-color-over-image e-con e-child\" data-id=\"21a8166\" data-element_type=\"container\" data-e-type=\"container\">\n\t\t\t\t\t<div class=\"e-con-inner\">\n\t\t\t\t<div class=\"elementor-element elementor-element-349a39f elementor-widget elementor-widget-heading\" data-id=\"349a39f\" data-element_type=\"widget\" data-e-type=\"widget\" data-widget_type=\"heading.default\">\n\t\t\t\t\t<h2 class=\"elementor-heading-title elementor-size-default\">Infinity Africa Finance propose une offre compl\u00e8te d\u2019accompagnement financier et strat\u00e9gique, pens\u00e9e pour les PME \u00e0 fort potentiel.<\/h2>\t\t\t\t<\/div>\n\t\t\t\t\t<\/div>\n\t\t\t\t<\/div>\n\t\t<div class=\"elementor-element elementor-element-828934e e-con-full e-flex tm-col-stretched-none tm-bg-color-over-image e-con e-child\" data-id=\"828934e\" data-element_type=\"container\" data-e-type=\"container\">\n\t\t<div class=\"elementor-element elementor-element-5cb4a69 e-con-full e-flex tm-col-stretched-none tm-bg-color-over-image e-con e-child\" data-id=\"5cb4a69\" data-element_type=\"container\" data-e-type=\"container\">\n\t\t\t\t<div class=\"elementor-element elementor-element-c001c03 elementor-widget elementor-widget-tm-ele-service-block\" data-id=\"c001c03\" data-element_type=\"widget\" data-e-type=\"widget\" data-widget_type=\"tm-ele-service-block.skin-style4\">\n\t\t\t\t<div class=\"elementor-widget-container\">\n\t\t\t\t\t\t<div class=\"tm-sc-service tm-service-grid tm-sc-service-skin-style4\">\r\n\t\t<!-- Isotope Gallery Grid -->\r\n\t\t<div id=\"service-block-holder-216833\" class=\"isotope-layout grid-1 gutter-10   clearfix\">\r\n\t\t\t<div class=\"isotope-layout-inner\">\r\n\t\t\t\t<!-- the loop -->\r\n\t\t\t\t\t\t\t\t\t\t\t\t\t\t\t\t<div class=\"isotope-item service-item elementor-repeater-item-0472093\" data-wow-delay=\"\">\r\n\t\t\t\t\t<!-- Service Block Style1-->\r\n\r\n<div class=\"service-block-style4\">\r\n\t<div class=\"content\">\r\n\t\t<div class=\"icon-wrp\">\r\n\t\t\t<div class=\"service-icon\">\r\n\t<i aria-hidden=\"true\" class=\"flaticon-set-business-star-of-david\"><\/i><\/div>\t\t\t<span class=\"number\">01<\/span>\r\n\t\t<\/div>\r\n\t\t\r\n\t\t<h4 class=\"service-title\">\r\n\t\t\t\t\tFundraising\t\t\t<\/h4>\r\n\t\t<\/div>\r\n\t\r\n\t\t\r\n<div class=\"service-featured-img\">\r\n\t<img fetchpriority=\"high\" decoding=\"async\" src=\"https:\/\/infinity-africa.finance\/wp-content\/uploads\/2026\/01\/IMAGE-1-SLIDE-37.jpg\" width=\"2000\" height=\"1323\" alt=\"\">\r\n<\/div><\/div>\t\t\t\t<\/div>\r\n\t\t\t\t\t\t\t\t<!-- end of the loop -->\r\n\t\t\t<\/div>\r\n\t\t<\/div>\r\n\t\t\t<\/div>\r\n\r\n\t\t\t\t<\/div>\n\t\t\t\t<\/div>\n\t\t\t\t<div class=\"elementor-element elementor-element-e1c22b3 elementor-widget elementor-widget-tm-ele-text-editor\" data-id=\"e1c22b3\" data-element_type=\"widget\" data-e-type=\"widget\" data-widget_type=\"tm-ele-text-editor.default\">\n\t\t\t\t<div class=\"elementor-widget-container\">\n\t\t\t\t\t\t\t<div class=\"tm-text-editor\">\r\n\t\t<h5><span class=\"a_GcMg\">Nous structurons et n\u00e9gocions <\/span><span class=\"a_GcMg\">des solutions de financement <\/span><span class=\"a_GcMg\">adapt\u00e9es : fonds propres, <\/span><span class=\"a_GcMg\">quasi-fonds propres, dette, <\/span><span class=\"a_GcMg\">finance islamique, finance verte <\/span><span class=\"a_GcMg\">et solutions fintech.<\/span><\/h5>\t\t<\/div>\r\n\t\t\t\t\t<\/div>\n\t\t\t\t<\/div>\n\t\t\t\t<\/div>\n\t\t<div class=\"elementor-element elementor-element-6b42a9e e-con-full e-flex tm-col-stretched-none tm-bg-color-over-image e-con e-child\" data-id=\"6b42a9e\" data-element_type=\"container\" data-e-type=\"container\">\n\t\t\t\t<div class=\"elementor-element elementor-element-2ffacf0 elementor-widget elementor-widget-tm-ele-service-block\" data-id=\"2ffacf0\" data-element_type=\"widget\" data-e-type=\"widget\" data-widget_type=\"tm-ele-service-block.skin-style4\">\n\t\t\t\t<div class=\"elementor-widget-container\">\n\t\t\t\t\t\t<div class=\"tm-sc-service tm-service-grid tm-sc-service-skin-style4\">\r\n\t\t<!-- Isotope Gallery Grid -->\r\n\t\t<div id=\"service-block-holder-727064\" class=\"isotope-layout grid-1 gutter-10   clearfix\">\r\n\t\t\t<div class=\"isotope-layout-inner\">\r\n\t\t\t\t<!-- the loop -->\r\n\t\t\t\t\t\t\t\t\t\t\t\t\t\t\t\t<div class=\"isotope-item service-item elementor-repeater-item-0472093\" data-wow-delay=\"\">\r\n\t\t\t\t\t<!-- Service Block Style1-->\r\n\r\n<div class=\"service-block-style4\">\r\n\t<div class=\"content\">\r\n\t\t<div class=\"icon-wrp\">\r\n\t\t\t<div class=\"service-icon\">\r\n\t<i aria-hidden=\"true\" class=\"flaticon-set-business-cube-2\"><\/i><\/div>\t\t\t<span class=\"number\">02<\/span>\r\n\t\t<\/div>\r\n\t\t\r\n\t\t<h4 class=\"service-title\">\r\n\t\t\t\t\tConseil strat\u00e9gique & financier\t\t\t<\/h4>\r\n\t\t<\/div>\r\n\t\r\n\t\t\r\n<div class=\"service-featured-img\">\r\n\t<img decoding=\"async\" src=\"https:\/\/infinity-africa.finance\/wp-content\/uploads\/2026\/01\/IMAGE-2-SLIDE-37.jpg\" width=\"2000\" height=\"1335\" alt=\"\">\r\n<\/div><\/div>\t\t\t\t<\/div>\r\n\t\t\t\t\t\t\t\t<!-- end of the loop -->\r\n\t\t\t<\/div>\r\n\t\t<\/div>\r\n\t\t\t<\/div>\r\n\r\n\t\t\t\t<\/div>\n\t\t\t\t<\/div>\n\t\t\t\t<div class=\"elementor-element elementor-element-2e84455 elementor-widget elementor-widget-tm-ele-text-editor\" data-id=\"2e84455\" data-element_type=\"widget\" data-e-type=\"widget\" data-widget_type=\"tm-ele-text-editor.default\">\n\t\t\t\t<div class=\"elementor-widget-container\">\n\t\t\t\t\t\t\t<div class=\"tm-text-editor\">\r\n\t\t<h5><span class=\"a_GcMg\">Nous accompagnons les <\/span><span class=\"a_GcMg\">entreprises dans leurs <\/span><span class=\"a_GcMg\">d\u00e9cisions cl\u00e9s : \u00e9valuation <\/span><span class=\"a_GcMg\">financi\u00e8re, restructuration de <\/span><span class=\"a_GcMg\">dette, strat\u00e9gie de croissance, <\/span><span class=\"a_GcMg\">gouvernance et pr\u00e9paration \u00e0 <\/span><span class=\"a_GcMg\">des op\u00e9rations majeures.<\/span><\/h5>\t\t<\/div>\r\n\t\t\t\t\t<\/div>\n\t\t\t\t<\/div>\n\t\t\t\t<\/div>\n\t\t<div class=\"elementor-element elementor-element-e451834 e-con-full e-flex tm-col-stretched-none tm-bg-color-over-image e-con e-child\" data-id=\"e451834\" data-element_type=\"container\" data-e-type=\"container\">\n\t\t\t\t<div class=\"elementor-element elementor-element-e121c45 elementor-widget elementor-widget-tm-ele-service-block\" data-id=\"e121c45\" data-element_type=\"widget\" data-e-type=\"widget\" data-widget_type=\"tm-ele-service-block.skin-style4\">\n\t\t\t\t<div class=\"elementor-widget-container\">\n\t\t\t\t\t\t<div class=\"tm-sc-service tm-service-grid tm-sc-service-skin-style4\">\r\n\t\t<!-- Isotope Gallery Grid -->\r\n\t\t<div id=\"service-block-holder-687361\" class=\"isotope-layout grid-1 gutter-10   clearfix\">\r\n\t\t\t<div class=\"isotope-layout-inner\">\r\n\t\t\t\t<!-- the loop -->\r\n\t\t\t\t\t\t\t\t\t\t\t\t\t\t\t\t<div class=\"isotope-item service-item elementor-repeater-item-0472093\" data-wow-delay=\"\">\r\n\t\t\t\t\t<!-- Service Block Style1-->\r\n\r\n<div class=\"service-block-style4\">\r\n\t<div class=\"content\">\r\n\t\t<div class=\"icon-wrp\">\r\n\t\t\t<div class=\"service-icon\">\r\n\t<i aria-hidden=\"true\" class=\"flaticon-set-business-growth\"><\/i><\/div>\t\t\t<span class=\"number\">03<\/span>\r\n\t\t<\/div>\r\n\t\t\r\n\t\t<h4 class=\"service-title\">\r\n\t\t\t\t<a\r\n\t\t\t\t\t\thref=\"\/en\/pme-booster-360\/\">\r\n\t\t\tProgramme IAF Booster 360\u00b0\t\t<\/a>\r\n\t\t\t<\/h4>\r\n\t\t<\/div>\r\n\t\r\n\t\t\r\n<div class=\"service-featured-img\">\r\n\t<img decoding=\"async\" src=\"https:\/\/infinity-africa.finance\/wp-content\/uploads\/2026\/01\/IMAGE-3-SLIDE-37.jpg\" width=\"2000\" height=\"1333\" alt=\"\">\r\n<\/div><\/div>\t\t\t\t<\/div>\r\n\t\t\t\t\t\t\t\t<!-- end of the loop -->\r\n\t\t\t<\/div>\r\n\t\t<\/div>\r\n\t\t\t<\/div>\r\n\r\n\t\t\t\t<\/div>\n\t\t\t\t<\/div>\n\t\t\t\t<div class=\"elementor-element elementor-element-e3e43c9 elementor-widget elementor-widget-tm-ele-text-editor\" data-id=\"e3e43c9\" data-element_type=\"widget\" data-e-type=\"widget\" data-widget_type=\"tm-ele-text-editor.default\">\n\t\t\t\t<div class=\"elementor-widget-container\">\n\t\t\t\t\t\t\t<div class=\"tm-text-editor\">\r\n\t\t<h5><span class=\"a_GcMg\">Un programme <\/span><span class=\"a_GcMg\">d\u2019accompagnement global <\/span><span class=\"a_GcMg\">destin\u00e9 \u00e0 renforcer la <\/span><span class=\"a_GcMg\">bancabilit\u00e9 des PME et <\/span><span class=\"a_GcMg\">acc\u00e9l\u00e9rer leur acc\u00e8s au <\/span><span class=\"a_GcMg\">financement.<\/span><\/h5>\t\t<\/div>\r\n\t\t\t\t\t<\/div>\n\t\t\t\t<\/div>\n\t\t\t\t<\/div>\n\t\t\t\t<\/div>\n\t\t\t\t\t<\/div>\n\t\t\t\t<\/div>\n\t\t\t\t<\/div>","protected":false},"excerpt":{"rendered":"<p>Infinity Africa Finance propose une offre compl\u00e8te d\u2019accompagnement financier et strat\u00e9gique, pens\u00e9e pour les PME \u00e0 fort potentiel. 01 Lev\u00e9e&#8230;<\/p>","protected":false},"author":2,"featured_media":0,"parent":0,"menu_order":0,"comment_status":"closed","ping_status":"closed","template":"","meta":{"footnotes":""},"class_list":["post-22036","page","type-page","status-publish","hentry"],"_hostinger_reach_plugin_has_subscription_block":false,"_hostinger_reach_plugin_is_elementor":false,"_links":{"self":[{"href":"https:\/\/infinity-africa.finance\/en\/wp-json\/wp\/v2\/pages\/22036","targetHints":{"allow":["GET"]}}],"collection":[{"href":"https:\/\/infinity-africa.finance\/en\/wp-json\/wp\/v2\/pages"}],"about":[{"href":"https:\/\/infinity-africa.finance\/en\/wp-json\/wp\/v2\/types\/page"}],"author":[{"embeddable":true,"href":"https:\/\/infinity-africa.finance\/en\/wp-json\/wp\/v2\/users\/2"}],"replies":[{"embeddable":true,"href":"https:\/\/infinity-africa.finance\/en\/wp-json\/wp\/v2\/comments?post=22036"}],"version-history":[{"count":40,"href":"https:\/\/infinity-africa.finance\/en\/wp-json\/wp\/v2\/pages\/22036\/revisions"}],"predecessor-version":[{"id":31354,"href":"https:\/\/infinity-africa.finance\/en\/wp-json\/wp\/v2\/pages\/22036\/revisions\/31354"}],"wp:attachment":[{"href":"https:\/\/infinity-africa.finance\/en\/wp-json\/wp\/v2\/media?parent=22036"}],"curies":[{"name":"wp","href":"https:\/\/api.w.org\/{rel}","templated":true}]}}