{"id":22025,"date":"2024-12-01T06:39:57","date_gmt":"2024-12-01T06:39:57","guid":{"rendered":"https:\/\/dev243.kodesolution.com\/stratify\/?page_id=22025"},"modified":"2026-03-22T07:41:23","modified_gmt":"2026-03-22T07:41:23","slug":"blog","status":"publish","type":"page","link":"https:\/\/infinity-africa.finance\/en\/blog\/","title":{"rendered":"Blog"},"content":{"rendered":"<div data-elementor-type=\"wp-page\" data-elementor-id=\"22025\" class=\"elementor elementor-22025\" data-elementor-post-type=\"page\">\n\t\t\t\t<div class=\"elementor-element elementor-element-ad87229 e-flex e-con-boxed tm-col-stretched-none tm-bg-color-over-image e-con e-parent\" data-id=\"ad87229\" data-element_type=\"container\" data-e-type=\"container\" data-settings=\"{&quot;background_background&quot;:&quot;classic&quot;}\">\n\t\t\t\t\t<div class=\"e-con-inner\">\n\t\t<div class=\"elementor-element elementor-element-044e060 e-con-full e-flex tm-col-stretched-none tm-bg-color-over-image e-con e-child\" data-id=\"044e060\" data-element_type=\"container\" data-e-type=\"container\">\n\t\t\t\t<div class=\"elementor-element elementor-element-4e5efe7 elementor-widget elementor-widget-tm-ele-blog\" data-id=\"4e5efe7\" data-element_type=\"widget\" data-e-type=\"widget\" data-widget_type=\"tm-ele-blog.skin-style-current-theme1\">\n\t\t\t\t<div class=\"elementor-widget-container\">\n\t\t\t\t\t\t<div class=\"tm-sc-blog tm-sc-blog-grid\">\r\n\t\t\r\n\t\r\n\t\t<!-- Isotope Gallery Grid -->\r\n\t\t<div id=\"blog-holder-981699\" class=\"isotope-layout grid-3 gutter-15 clearfix\">\r\n\t\t\t<div class=\"isotope-layout-inner\">\r\n\r\n\t\t\t\t<!-- the loop -->\r\n\t\t\t\t\t\t\t\t\t\t\t\t\t\t\t\t<div class=\"isotope-item uncategorized\">\r\n\t\t\t\t\t<div class=\"isotope-item-inner\" data-wow-delay=\"\">\r\n\t\t\t\t\t\t<article class=\"post-30907 post type-post status-publish format-standard has-post-thumbnail hentry category-uncategorized\">\r\n\t<!-- News Block -->\r\n<div class=\"blog-item-current-style1\">\r\n  <div class=\"inner-box\">\r\n    <div class=\"entry-header\">\r\n      <div class=\"thumb\">\r\n        <div class=\"post-thumb lightgallery-lightbox\">\r\n\t\r\n\t<div class=\"post-thumb-inner\">\r\n\t\t<div class=\"thumb\">\r\n\t\t\t<img fetchpriority=\"high\" decoding=\"async\" src=\"https:\/\/infinity-africa.finance\/wp-content\/uploads\/2026\/01\/Finance-Islamique-672x448.jpg\" width=\"672\" height=\"448\" alt=\"Finance Islamique en Afrique : Une alternative \u00e9tique pour stimuler le d\u00e9veloppement \u00e9conomique\"\/>\r\n\t\t<\/div>\r\n\t<\/div>\r\n\t<\/div>        <div class=\"post-thumb lightgallery-lightbox\">\r\n\t\r\n\t<div class=\"post-thumb-inner\">\r\n\t\t<div class=\"thumb\">\r\n\t\t\t<img fetchpriority=\"high\" decoding=\"async\" src=\"https:\/\/infinity-africa.finance\/wp-content\/uploads\/2026\/01\/Finance-Islamique-672x448.jpg\" width=\"672\" height=\"448\" alt=\"Finance Islamique en Afrique : Une alternative \u00e9tique pour stimuler le d\u00e9veloppement \u00e9conomique\"\/>\r\n\t\t<\/div>\r\n\t<\/div>\r\n\t<\/div>      <\/div>\r\n\r\n                          <div class=\"post-single-meta\">\r\n              \t\t\t<span class=\"post-date\"><time class=\"entry-date\" datetime=\"2026-01-30T09:51:33+00:00\">January 30, 2026<\/time><\/span>\t            <\/div>\r\n            \t\t      <\/div>\r\n    <div class=\"entry-content\">\r\n\r\n              \t<ul class=\"entry-meta list-inline\">\r\n\t\t\t\t<li class=\"list-inline-item categories\"><i class=\"fa fa-folder-o\"><\/i> \t\t\t<span class=\"categories-links\"><a href=\"https:\/\/infinity-africa.finance\/en\/category\/uncategorized\/\" rel=\"category tag\">Uncategorized<\/a><\/span>\r\n        <\/li>\r\n\t\t\t\t<li class=\"list-inline-item author\"><i class=\"fa fa-user-circle-o\"><\/i> <span class=\"byline\">By <span class=\"author vcard\"><a class=\"url fn n\" href=\"https:\/\/infinity-africa.finance\/en\/author\/technologyinfinity-africa-com\/\" rel=\"author\">technology@infinity-africa.com<\/a><\/span><\/span><\/li>\r\n\t\t<\/ul>\r\n\t      \r\n              <h4 class=\"entry-title\"><a href=\"https:\/\/infinity-africa.finance\/en\/finance-islamique-en-afrique-une-alternative-etique-pour-stimuler-le-developpement-economique\/\" rel=\"bookmark\">Islamic Finance in Africa: An Ethical Alternative to Stimulate Economic Development<\/a><\/h4>      \r\n      \r\n              <div class=\"btn-view-details post-btn-readmore\">\r\n    <a href=\"https:\/\/infinity-africa.finance\/en\/finance-islamique-en-afrique-une-alternative-etique-pour-stimuler-le-developpement-economique\/\"\r\n      class=\"btn btn-outline-plain-text-with-arrow btn-outline btn-xs\">\r\n      Voir plus    <\/a>\r\n<\/div>          <\/div>\r\n  <\/div>\r\n<\/div>\r\n\r\n<\/article>\t\t\t\t\t<\/div>\r\n\t\t\t\t<\/div>\r\n\t\t\t\t\t\t\t\t\t\t\t\t\t\t\t\t<div class=\"isotope-item uncategorized\">\r\n\t\t\t\t\t<div class=\"isotope-item-inner\" data-wow-delay=\"\">\r\n\t\t\t\t\t\t<article class=\"post-26585 post type-post status-publish format-standard has-post-thumbnail hentry category-uncategorized\">\r\n\t<!-- News Block -->\r\n<div class=\"blog-item-current-style1\">\r\n  <div class=\"inner-box\">\r\n    <div class=\"entry-header\">\r\n      <div class=\"thumb\">\r\n        <div class=\"post-thumb lightgallery-lightbox\">\r\n\t\r\n\t<div class=\"post-thumb-inner\">\r\n\t\t<div class=\"thumb\">\r\n\t\t\t<img decoding=\"async\" src=\"https:\/\/infinity-africa.finance\/wp-content\/uploads\/2026\/01\/IMAGE-1-ARTICLE-1-672x448.jpg\" width=\"672\" height=\"448\" alt=\"Les financements structur\u00e9s : Le levier strat\u00e9gique pour accelerer la croissance des entreprises africaines\"\/>\r\n\t\t<\/div>\r\n\t<\/div>\r\n\t<\/div>        <div class=\"post-thumb lightgallery-lightbox\">\r\n\t\r\n\t<div class=\"post-thumb-inner\">\r\n\t\t<div class=\"thumb\">\r\n\t\t\t<img decoding=\"async\" src=\"https:\/\/infinity-africa.finance\/wp-content\/uploads\/2026\/01\/IMAGE-1-ARTICLE-1-672x448.jpg\" width=\"672\" height=\"448\" alt=\"Les financements structur\u00e9s : Le levier strat\u00e9gique pour accelerer la croissance des entreprises africaines\"\/>\r\n\t\t<\/div>\r\n\t<\/div>\r\n\t<\/div>      <\/div>\r\n\r\n                          <div class=\"post-single-meta\">\r\n              \t\t\t<span class=\"post-date\"><time class=\"entry-date\" datetime=\"2024-12-08T10:06:31+00:00\">December 8, 2024<\/time><\/span>\t            <\/div>\r\n            \t\t      <\/div>\r\n    <div class=\"entry-content\">\r\n\r\n              \t<ul class=\"entry-meta list-inline\">\r\n\t\t\t\t<li class=\"list-inline-item categories\"><i class=\"fa fa-folder-o\"><\/i> \t\t\t<span class=\"categories-links\"><a href=\"https:\/\/infinity-africa.finance\/en\/category\/uncategorized\/\" rel=\"category tag\">Uncategorized<\/a><\/span>\r\n        <\/li>\r\n\t\t\t\t<li class=\"list-inline-item author\"><i class=\"fa fa-user-circle-o\"><\/i> <span class=\"byline\">By <span class=\"author vcard\"><a class=\"url fn n\" href=\"https:\/\/infinity-africa.finance\/en\/author\/technologyinfinity-africa-com\/\" rel=\"author\">technology@infinity-africa.com<\/a><\/span><\/span><\/li>\r\n\t\t<\/ul>\r\n\t      \r\n              <h4 class=\"entry-title\"><a href=\"https:\/\/infinity-africa.finance\/en\/les-financements-structures-le-levier-strategique-pour-accelerer-la-croissance-des-entreprises-africaines\/\" rel=\"bookmark\">Structured finance: The strategic lever to accelerate the growth of African businesses<\/a><\/h4>      \r\n      \r\n              <div class=\"btn-view-details post-btn-readmore\">\r\n    <a href=\"https:\/\/infinity-africa.finance\/en\/les-financements-structures-le-levier-strategique-pour-accelerer-la-croissance-des-entreprises-africaines\/\"\r\n      class=\"btn btn-outline-plain-text-with-arrow btn-outline btn-xs\">\r\n      Voir plus    <\/a>\r\n<\/div>          <\/div>\r\n  <\/div>\r\n<\/div>\r\n\r\n<\/article>\t\t\t\t\t<\/div>\r\n\t\t\t\t<\/div>\r\n\t\t\t\t\t\t\t\t\t\t\t\t\t\t\t\t<div class=\"isotope-item uncategorized\">\r\n\t\t\t\t\t<div class=\"isotope-item-inner\" data-wow-delay=\"\">\r\n\t\t\t\t\t\t<article class=\"post-22173 post type-post status-publish format-standard has-post-thumbnail hentry category-uncategorized\">\r\n\t<!-- News Block -->\r\n<div class=\"blog-item-current-style1\">\r\n  <div class=\"inner-box\">\r\n    <div class=\"entry-header\">\r\n      <div class=\"thumb\">\r\n        <div class=\"post-thumb lightgallery-lightbox\">\r\n\t\r\n\t<div class=\"post-thumb-inner\">\r\n\t\t<div class=\"thumb\">\r\n\t\t\t<img decoding=\"async\" src=\"https:\/\/infinity-africa.finance\/wp-content\/uploads\/2026\/01\/IMAGE-2-ARTICLE-1-672x448.jpg\" width=\"672\" height=\"448\" alt=\"Fusions Acquisitions en afrique : Les nouvelles tendances qui redessinent le paysage \u00e9conomique du continent\"\/>\r\n\t\t<\/div>\r\n\t<\/div>\r\n\t<\/div>        <div class=\"post-thumb lightgallery-lightbox\">\r\n\t\r\n\t<div class=\"post-thumb-inner\">\r\n\t\t<div class=\"thumb\">\r\n\t\t\t<img decoding=\"async\" src=\"https:\/\/infinity-africa.finance\/wp-content\/uploads\/2026\/01\/IMAGE-2-ARTICLE-1-672x448.jpg\" width=\"672\" height=\"448\" alt=\"Fusions Acquisitions en afrique : Les nouvelles tendances qui redessinent le paysage \u00e9conomique du continent\"\/>\r\n\t\t<\/div>\r\n\t<\/div>\r\n\t<\/div>      <\/div>\r\n\r\n                          <div class=\"post-single-meta\">\r\n              \t\t\t<span class=\"post-date\"><time class=\"entry-date\" datetime=\"2024-12-02T06:13:53+00:00\">December 2, 2024<\/time><\/span>\t            <\/div>\r\n            \t\t      <\/div>\r\n    <div class=\"entry-content\">\r\n\r\n              \t<ul class=\"entry-meta list-inline\">\r\n\t\t\t\t<li class=\"list-inline-item categories\"><i class=\"fa fa-folder-o\"><\/i> \t\t\t<span class=\"categories-links\"><a href=\"https:\/\/infinity-africa.finance\/en\/category\/uncategorized\/\" rel=\"category tag\">Uncategorized<\/a><\/span>\r\n        <\/li>\r\n\t\t\t\t<li class=\"list-inline-item author\"><i class=\"fa fa-user-circle-o\"><\/i> <span class=\"byline\">By <span class=\"author vcard\"><a class=\"url fn n\" href=\"https:\/\/infinity-africa.finance\/en\/author\/technologyinfinity-africa-com\/\" rel=\"author\">technology@infinity-africa.com<\/a><\/span><\/span><\/li>\r\n\t\t<\/ul>\r\n\t      \r\n              <h4 class=\"entry-title\"><a href=\"https:\/\/infinity-africa.finance\/en\/fusions-acquisitions-en-afrique-les-nouvelles-tendances-qui-redessinent-le-paysage-economique-du-continent\/\" rel=\"bookmark\">Mergers and Acquisitions in Africa: New trends reshaping the continent's economic landscape<\/a><\/h4>      \r\n      \r\n              <div class=\"btn-view-details post-btn-readmore\">\r\n    <a href=\"https:\/\/infinity-africa.finance\/en\/fusions-acquisitions-en-afrique-les-nouvelles-tendances-qui-redessinent-le-paysage-economique-du-continent\/\"\r\n      class=\"btn btn-outline-plain-text-with-arrow btn-outline btn-xs\">\r\n      Voir plus    <\/a>\r\n<\/div>          <\/div>\r\n  <\/div>\r\n<\/div>\r\n\r\n<\/article>\t\t\t\t\t<\/div>\r\n\t\t\t\t<\/div>\r\n\t\t\t\t\t\t\t\t\t\t\t\t\t\t\t\t<div class=\"isotope-item uncategorized\">\r\n\t\t\t\t\t<div class=\"isotope-item-inner\" data-wow-delay=\"\">\r\n\t\t\t\t\t\t<article class=\"post-7515 post type-post status-publish format-standard has-post-thumbnail hentry category-uncategorized\">\r\n\t<!-- News Block -->\r\n<div class=\"blog-item-current-style1\">\r\n  <div class=\"inner-box\">\r\n    <div class=\"entry-header\">\r\n      <div class=\"thumb\">\r\n        <div class=\"post-thumb lightgallery-lightbox\">\r\n\t\r\n\t<div class=\"post-thumb-inner\">\r\n\t\t<div class=\"thumb\">\r\n\t\t\t<img loading=\"lazy\" decoding=\"async\" src=\"https:\/\/infinity-africa.finance\/wp-content\/uploads\/2026\/01\/IMAGE1-ARTICLE3.jpg\" width=\"605\" height=\"403\" alt=\"La fintech, moteur d&#8217;inclusion financi\u00e8re pour les PME africaines\"\/>\r\n\t\t<\/div>\r\n\t<\/div>\r\n\t<\/div>        <div class=\"post-thumb lightgallery-lightbox\">\r\n\t\r\n\t<div class=\"post-thumb-inner\">\r\n\t\t<div class=\"thumb\">\r\n\t\t\t<img loading=\"lazy\" decoding=\"async\" src=\"https:\/\/infinity-africa.finance\/wp-content\/uploads\/2026\/01\/IMAGE1-ARTICLE3.jpg\" width=\"605\" height=\"403\" alt=\"La fintech, moteur d&#8217;inclusion financi\u00e8re pour les PME africaines\"\/>\r\n\t\t<\/div>\r\n\t<\/div>\r\n\t<\/div>      <\/div>\r\n\r\n                          <div class=\"post-single-meta\">\r\n              \t\t\t<span class=\"post-date\"><time class=\"entry-date\" datetime=\"2024-11-11T06:46:48+00:00\">November 11, 2024<\/time><\/span>\t            <\/div>\r\n            \t\t      <\/div>\r\n    <div class=\"entry-content\">\r\n\r\n              \t<ul class=\"entry-meta list-inline\">\r\n\t\t\t\t<li class=\"list-inline-item categories\"><i class=\"fa fa-folder-o\"><\/i> \t\t\t<span class=\"categories-links\"><a href=\"https:\/\/infinity-africa.finance\/en\/category\/uncategorized\/\" rel=\"category tag\">Uncategorized<\/a><\/span>\r\n        <\/li>\r\n\t\t\t\t<li class=\"list-inline-item author\"><i class=\"fa fa-user-circle-o\"><\/i> <span class=\"byline\">By <span class=\"author vcard\"><a class=\"url fn n\" href=\"https:\/\/infinity-africa.finance\/en\/author\/technologyinfinity-africa-com\/\" rel=\"author\">technology@infinity-africa.com<\/a><\/span><\/span><\/li>\r\n\t\t<\/ul>\r\n\t      \r\n              <h4 class=\"entry-title\"><a href=\"https:\/\/infinity-africa.finance\/en\/la-fintech-moteur-dinclusion-financiere-pour-les-pme-africaines\/\" rel=\"bookmark\">Fintech, a driver of financial inclusion for African SMEs<\/a><\/h4>      \r\n      \r\n              <div class=\"btn-view-details post-btn-readmore\">\r\n    <a href=\"https:\/\/infinity-africa.finance\/en\/la-fintech-moteur-dinclusion-financiere-pour-les-pme-africaines\/\"\r\n      class=\"btn btn-outline-plain-text-with-arrow btn-outline btn-xs\">\r\n      Voir plus    <\/a>\r\n<\/div>          <\/div>\r\n  <\/div>\r\n<\/div>\r\n\r\n<\/article>\t\t\t\t\t<\/div>\r\n\t\t\t\t<\/div>\r\n\t\t\t\t\t\t\t\t<!-- end of the loop -->\r\n\t\t\t<\/div>\r\n\t\t<\/div>\r\n\t\t\t<\/div>\r\n\r\n\r\n\t\t\t\t<\/div>\n\t\t\t\t<\/div>\n\t\t\t\t<\/div>\n\t\t\t\t\t<\/div>\n\t\t\t\t<\/div>\n\t\t\t\t<\/div>","protected":false},"excerpt":{"rendered":"<p>January 30, 2026 Uncategorized By technology@infinity-africa.com Finance Islamique en Afrique : Une alternative \u00e9tique pour stimuler le d\u00e9veloppement \u00e9conomique Voir&#8230;<\/p>","protected":false},"author":2,"featured_media":0,"parent":0,"menu_order":0,"comment_status":"closed","ping_status":"closed","template":"","meta":{"footnotes":""},"class_list":["post-22025","page","type-page","status-publish","hentry"],"_hostinger_reach_plugin_has_subscription_block":false,"_hostinger_reach_plugin_is_elementor":false,"_links":{"self":[{"href":"https:\/\/infinity-africa.finance\/en\/wp-json\/wp\/v2\/pages\/22025","targetHints":{"allow":["GET"]}}],"collection":[{"href":"https:\/\/infinity-africa.finance\/en\/wp-json\/wp\/v2\/pages"}],"about":[{"href":"https:\/\/infinity-africa.finance\/en\/wp-json\/wp\/v2\/types\/page"}],"author":[{"embeddable":true,"href":"https:\/\/infinity-africa.finance\/en\/wp-json\/wp\/v2\/users\/2"}],"replies":[{"embeddable":true,"href":"https:\/\/infinity-africa.finance\/en\/wp-json\/wp\/v2\/comments?post=22025"}],"version-history":[{"count":23,"href":"https:\/\/infinity-africa.finance\/en\/wp-json\/wp\/v2\/pages\/22025\/revisions"}],"predecessor-version":[{"id":31369,"href":"https:\/\/infinity-africa.finance\/en\/wp-json\/wp\/v2\/pages\/22025\/revisions\/31369"}],"wp:attachment":[{"href":"https:\/\/infinity-africa.finance\/en\/wp-json\/wp\/v2\/media?parent=22025"}],"curies":[{"name":"wp","href":"https:\/\/api.w.org\/{rel}","templated":true}]}}