{"id":21996,"date":"2024-12-01T06:09:16","date_gmt":"2024-12-01T06:09:16","guid":{"rendered":"https:\/\/dev243.kodesolution.com\/stratify\/?page_id=21996"},"modified":"2026-03-22T07:40:42","modified_gmt":"2026-03-22T07:40:42","slug":"faq","status":"publish","type":"page","link":"https:\/\/infinity-africa.finance\/en\/faq\/","title":{"rendered":"FAQ"},"content":{"rendered":"<div data-elementor-type=\"wp-page\" data-elementor-id=\"21996\" class=\"elementor elementor-21996\" data-elementor-post-type=\"page\">\n\t\t\t\t<div class=\"elementor-element elementor-element-8e54a60 e-flex e-con-boxed tm-col-stretched-none tm-bg-color-over-image e-con e-parent\" data-id=\"8e54a60\" data-element_type=\"container\" data-e-type=\"container\">\n\t\t\t\t\t<div class=\"e-con-inner\">\n\t\t<div class=\"elementor-element elementor-element-10a655b e-con-full e-flex tm-col-stretched-none tm-bg-color-over-image e-con e-child\" data-id=\"10a655b\" data-element_type=\"container\" data-e-type=\"container\">\n\t\t<div class=\"elementor-element elementor-element-b7c1ba5 e-con-full e-flex tm-col-stretched-none tm-bg-color-over-image e-con e-child\" data-id=\"b7c1ba5\" data-element_type=\"container\" data-e-type=\"container\">\n\t\t<div class=\"elementor-element elementor-element-4531e3c e-con-full e-flex tm-col-stretched-none tm-bg-color-over-image e-con e-child\" data-id=\"4531e3c\" data-element_type=\"container\" data-e-type=\"container\">\n\t\t\t\t<div class=\"elementor-element elementor-element-d108ba4 elementor-widget elementor-widget-tm-ele-accordion\" data-id=\"d108ba4\" data-element_type=\"widget\" data-e-type=\"widget\" data-widget_type=\"tm-ele-accordion.default\">\n\t\t\t\t<div class=\"elementor-widget-container\">\n\t\t\t\t\t\t\t<div id=\"accordion-holder-609881\" class=\"tm-accordion accordion\">\r\n\t\r\n  <div class=\"card active\">\r\n    <div class=\"card-header p-0\" id=\"heading961\">\r\n      <h5 class=\"title\" data-bs-toggle=\"collapse\" data-bs-target=\"#collapse961\" aria-expanded=\"true\" aria-controls=\"collapse961\">\r\n        <span class=\"text\">01 - Qu\u2019est-ce qu\u2019Infinity Africa Finance (IAF) ?<\/span>\r\n        <span class=\"accordion-controls-icon\"><svg class=\"e-font-icon-svg e-fas-chevron-down\" viewbox=\"0 0 448 512\" xmlns=\"http:\/\/www.w3.org\/2000\/svg\"><path d=\"M207.029 381.476L12.686 187.132c-9.373-9.373-9.373-24.569 0-33.941l22.667-22.667c9.357-9.357 24.522-9.375 33.901-.04L224 284.505l154.745-154.021c9.379-9.335 24.544-9.317 33.901.04l22.667 22.667c9.373 9.373 9.373 24.569 0 33.941L240.971 381.476c-9.373 9.372-24.569 9.372-33.942 0z\"><\/path><\/svg><\/span>\r\n      <\/h5>\r\n    <\/div>\r\n    <div id=\"collapse961\" class=\"collapse show\" aria-labelledby=\"heading961\" data-bs-parent=\"#accordion-holder-609881\">\r\n      <div class=\"card-body\">\r\n        <p>Infinity Africa Finance est une banque d\u2019affaires panafricaine bas\u00e9e en C\u00f4te d\u2019Ivoire. Elle accompagne les PME africaines \u00e0 fort potentiel dans leur structuration financi\u00e8re et leur acc\u00e8s au financement.<\/p>      <\/div>\r\n    <\/div>\r\n  <\/div>\r\n\r\n  <div class=\"card\">\r\n    <div class=\"card-header p-0\" id=\"heading962\">\r\n      <h5 class=\"title collapsed\" data-bs-toggle=\"collapse\" data-bs-target=\"#collapse962\" aria-expanded=\"false\" aria-controls=\"collapse962\">\r\n        <span class=\"text\">02 - \u00c0 qui s\u2019adressent les services d\u2019Infinity Africa Finance ?<\/span>\r\n        <span class=\"accordion-controls-icon\"><svg class=\"e-font-icon-svg e-fas-chevron-down\" viewbox=\"0 0 448 512\" xmlns=\"http:\/\/www.w3.org\/2000\/svg\"><path d=\"M207.029 381.476L12.686 187.132c-9.373-9.373-9.373-24.569 0-33.941l22.667-22.667c9.357-9.357 24.522-9.375 33.901-.04L224 284.505l154.745-154.021c9.379-9.335 24.544-9.317 33.901.04l22.667 22.667c9.373 9.373 9.373 24.569 0 33.941L240.971 381.476c-9.373 9.372-24.569 9.372-33.942 0z\"><\/path><\/svg><\/span>\r\n      <\/h5>\r\n    <\/div>\r\n    <div id=\"collapse962\" class=\"collapse\" aria-labelledby=\"heading962\" data-bs-parent=\"#accordion-holder-609881\">\r\n      <div class=\"card-body\">\r\n        <p>Nos services s\u2019adressent principalement aux PME et entreprises en croissance. Nous accompagnons les dirigeants \u00e0 chaque \u00e9tape cl\u00e9 de leur d\u00e9veloppement strat\u00e9gique et financier.<\/p>      <\/div>\r\n    <\/div>\r\n  <\/div>\r\n\r\n  <div class=\"card\">\r\n    <div class=\"card-header p-0\" id=\"heading963\">\r\n      <h5 class=\"title collapsed\" data-bs-toggle=\"collapse\" data-bs-target=\"#collapse963\" aria-expanded=\"false\" aria-controls=\"collapse963\">\r\n        <span class=\"text\">03 - Quels types de services propose Infinity Africa Finance ?<\/span>\r\n        <span class=\"accordion-controls-icon\"><svg class=\"e-font-icon-svg e-fas-chevron-down\" viewbox=\"0 0 448 512\" xmlns=\"http:\/\/www.w3.org\/2000\/svg\"><path d=\"M207.029 381.476L12.686 187.132c-9.373-9.373-9.373-24.569 0-33.941l22.667-22.667c9.357-9.357 24.522-9.375 33.901-.04L224 284.505l154.745-154.021c9.379-9.335 24.544-9.317 33.901.04l22.667 22.667c9.373 9.373 9.373 24.569 0 33.941L240.971 381.476c-9.373 9.372-24.569 9.372-33.942 0z\"><\/path><\/svg><\/span>\r\n      <\/h5>\r\n    <\/div>\r\n    <div id=\"collapse963\" class=\"collapse\" aria-labelledby=\"heading963\" data-bs-parent=\"#accordion-holder-609881\">\r\n      <div class=\"card-body\">\r\n        <p><span>IAF offre des services de conseil financier, de lev\u00e9e de fonds et de <\/span><span>structuration strat\u00e9gique. Nous intervenons \u00e9galement en finance verte, <\/span><span>finance islamique et solutions fintech.<\/span><\/p>      <\/div>\r\n    <\/div>\r\n  <\/div>\r\n\r\n  <div class=\"card\">\r\n    <div class=\"card-header p-0\" id=\"heading964\">\r\n      <h5 class=\"title collapsed\" data-bs-toggle=\"collapse\" data-bs-target=\"#collapse964\" aria-expanded=\"false\" aria-controls=\"collapse964\">\r\n        <span class=\"text\">04 - Qu\u2019est-ce que le programme IAF Booster 360\u00b0 ?<\/span>\r\n        <span class=\"accordion-controls-icon\"><svg class=\"e-font-icon-svg e-fas-chevron-down\" viewbox=\"0 0 448 512\" xmlns=\"http:\/\/www.w3.org\/2000\/svg\"><path d=\"M207.029 381.476L12.686 187.132c-9.373-9.373-9.373-24.569 0-33.941l22.667-22.667c9.357-9.357 24.522-9.375 33.901-.04L224 284.505l154.745-154.021c9.379-9.335 24.544-9.317 33.901.04l22.667 22.667c9.373 9.373 9.373 24.569 0 33.941L240.971 381.476c-9.373 9.372-24.569 9.372-33.942 0z\"><\/path><\/svg><\/span>\r\n      <\/h5>\r\n    <\/div>\r\n    <div id=\"collapse964\" class=\"collapse\" aria-labelledby=\"heading964\" data-bs-parent=\"#accordion-holder-609881\">\r\n      <div class=\"card-body\">\r\n        <p><span>IAF Booster 360\u00b0 est un programme d\u2019accompagnement global destin\u00e9 <\/span><span>aux PME. Il vise \u00e0 renforcer la gouvernance, la structuration financi\u00e8re et <\/span><span>la bancabilit\u00e9 des entreprises.<\/span><\/p>      <\/div>\r\n    <\/div>\r\n  <\/div>\r\n\r\n  <div class=\"card\">\r\n    <div class=\"card-header p-0\" id=\"heading965\">\r\n      <h5 class=\"title collapsed\" data-bs-toggle=\"collapse\" data-bs-target=\"#collapse965\" aria-expanded=\"false\" aria-controls=\"collapse965\">\r\n        <span class=\"text\">05 - Quels types de financements structurez-vous ?<\/span>\r\n        <span class=\"accordion-controls-icon\"><svg class=\"e-font-icon-svg e-fas-chevron-down\" viewbox=\"0 0 448 512\" xmlns=\"http:\/\/www.w3.org\/2000\/svg\"><path d=\"M207.029 381.476L12.686 187.132c-9.373-9.373-9.373-24.569 0-33.941l22.667-22.667c9.357-9.357 24.522-9.375 33.901-.04L224 284.505l154.745-154.021c9.379-9.335 24.544-9.317 33.901.04l22.667 22.667c9.373 9.373 9.373 24.569 0 33.941L240.971 381.476c-9.373 9.372-24.569 9.372-33.942 0z\"><\/path><\/svg><\/span>\r\n      <\/h5>\r\n    <\/div>\r\n    <div id=\"collapse965\" class=\"collapse\" aria-labelledby=\"heading965\" data-bs-parent=\"#accordion-holder-609881\">\r\n      <div class=\"card-body\">\r\n        <p><span>Nous structurons des financements en fonds propres, dette et quasi-fonds <\/span><span>propres. Nous proposons \u00e9galement des solutions innovantes comme les <\/span><span>green bonds ou les sukuk.<\/span><\/p>      <\/div>\r\n    <\/div>\r\n  <\/div>\r\n\t\t<\/div>\r\n\t\t\t\t\t<\/div>\n\t\t\t\t<\/div>\n\t\t\t\t<\/div>\n\t\t<div class=\"elementor-element elementor-element-1366eb0 e-con-full e-flex tm-col-stretched-none tm-bg-color-over-image e-con e-child\" data-id=\"1366eb0\" data-element_type=\"container\" data-e-type=\"container\">\n\t\t\t\t<div class=\"elementor-element elementor-element-108d11a elementor-widget elementor-widget-tm-ele-accordion\" data-id=\"108d11a\" data-element_type=\"widget\" data-e-type=\"widget\" data-widget_type=\"tm-ele-accordion.skin-classic\">\n\t\t\t\t<div class=\"elementor-widget-container\">\n\t\t\t\t\t\t\t<div id=\"accordion-holder-863683\" class=\"tm-accordion skin-classic\">\r\n\t\r\n  <div class=\"card active\">\r\n    <div class=\"card-header p-0\" id=\"heading641\">\r\n      <h5 class=\"title\" data-bs-toggle=\"collapse\" data-bs-target=\"#collapse641\" aria-expanded=\"true\" aria-controls=\"collapse641\">\r\n        <span class=\"text\">06 - Quels secteurs d\u2019activit\u00e9 accompagnez-vous ?<\/span>\r\n        <span class=\"accordion-controls-icon\"><svg class=\"e-font-icon-svg e-fas-chevron-down\" viewbox=\"0 0 448 512\" xmlns=\"http:\/\/www.w3.org\/2000\/svg\"><path d=\"M207.029 381.476L12.686 187.132c-9.373-9.373-9.373-24.569 0-33.941l22.667-22.667c9.357-9.357 24.522-9.375 33.901-.04L224 284.505l154.745-154.021c9.379-9.335 24.544-9.317 33.901.04l22.667 22.667c9.373 9.373 9.373 24.569 0 33.941L240.971 381.476c-9.373 9.372-24.569 9.372-33.942 0z\"><\/path><\/svg><\/span>\r\n      <\/h5>\r\n    <\/div>\r\n    <div id=\"collapse641\" class=\"collapse show\" aria-labelledby=\"heading641\" data-bs-parent=\"#accordion-holder-863683\">\r\n      <div class=\"card-body\">\r\n        <p>Nous intervenons dans plusieurs secteurs cl\u00e9s : agro industrie, industrie, \u00e9nergie, immobilier, sant\u00e9, technologie et services. Notre approche est adapt\u00e9e aux sp\u00e9cificit\u00e9s de chaque secteur.<\/p>      <\/div>\r\n    <\/div>\r\n  <\/div>\r\n\r\n  <div class=\"card\">\r\n    <div class=\"card-header p-0\" id=\"heading642\">\r\n      <h5 class=\"title collapsed\" data-bs-toggle=\"collapse\" data-bs-target=\"#collapse642\" aria-expanded=\"false\" aria-controls=\"collapse642\">\r\n        <span class=\"text\">07 - Comment se d\u00e9roule l\u2019accompagnement d\u2019une PME chez IAF ?<\/span>\r\n        <span class=\"accordion-controls-icon\"><svg class=\"e-font-icon-svg e-fas-chevron-down\" viewbox=\"0 0 448 512\" xmlns=\"http:\/\/www.w3.org\/2000\/svg\"><path d=\"M207.029 381.476L12.686 187.132c-9.373-9.373-9.373-24.569 0-33.941l22.667-22.667c9.357-9.357 24.522-9.375 33.901-.04L224 284.505l154.745-154.021c9.379-9.335 24.544-9.317 33.901.04l22.667 22.667c9.373 9.373 9.373 24.569 0 33.941L240.971 381.476c-9.373 9.372-24.569 9.372-33.942 0z\"><\/path><\/svg><\/span>\r\n      <\/h5>\r\n    <\/div>\r\n    <div id=\"collapse642\" class=\"collapse\" aria-labelledby=\"heading642\" data-bs-parent=\"#accordion-holder-863683\">\r\n      <div class=\"card-body\">\r\n        <p><span>L\u2019accompagnement d\u00e9bute par un diagnostic strat\u00e9gique et financier. Il se <\/span><span>poursuit par la structuration du projet, la pr\u00e9paration \u00e0 la lev\u00e9e de fonds <\/span><span>et le suivi post-transaction.<\/span><\/p>      <\/div>\r\n    <\/div>\r\n  <\/div>\r\n\r\n  <div class=\"card\">\r\n    <div class=\"card-header p-0\" id=\"heading643\">\r\n      <h5 class=\"title collapsed\" data-bs-toggle=\"collapse\" data-bs-target=\"#collapse643\" aria-expanded=\"false\" aria-controls=\"collapse643\">\r\n        <span class=\"text\">08 - Combien de temps dure une op\u00e9ration de lev\u00e9e de fonds ?<\/span>\r\n        <span class=\"accordion-controls-icon\"><svg class=\"e-font-icon-svg e-fas-chevron-down\" viewbox=\"0 0 448 512\" xmlns=\"http:\/\/www.w3.org\/2000\/svg\"><path d=\"M207.029 381.476L12.686 187.132c-9.373-9.373-9.373-24.569 0-33.941l22.667-22.667c9.357-9.357 24.522-9.375 33.901-.04L224 284.505l154.745-154.021c9.379-9.335 24.544-9.317 33.901.04l22.667 22.667c9.373 9.373 9.373 24.569 0 33.941L240.971 381.476c-9.373 9.372-24.569 9.372-33.942 0z\"><\/path><\/svg><\/span>\r\n      <\/h5>\r\n    <\/div>\r\n    <div id=\"collapse643\" class=\"collapse\" aria-labelledby=\"heading643\" data-bs-parent=\"#accordion-holder-863683\">\r\n      <div class=\"card-body\">\r\n        <p><span>La dur\u00e9e d\u00e9pend de la maturit\u00e9 du projet et de sa complexit\u00e9. En <\/span><span>moyenne, une op\u00e9ration peut s\u2019\u00e9tendre de quelques semaines \u00e0 plusieurs <\/span><span>mois (9 mois maximum)<\/span><\/p>      <\/div>\r\n    <\/div>\r\n  <\/div>\r\n\r\n  <div class=\"card\">\r\n    <div class=\"card-header p-0\" id=\"heading644\">\r\n      <h5 class=\"title collapsed\" data-bs-toggle=\"collapse\" data-bs-target=\"#collapse644\" aria-expanded=\"false\" aria-controls=\"collapse644\">\r\n        <span class=\"text\">09 - Quelle est la valeur ajout\u00e9e d\u2019Infinity Africa Finance ?<\/span>\r\n        <span class=\"accordion-controls-icon\"><svg class=\"e-font-icon-svg e-fas-chevron-down\" viewbox=\"0 0 448 512\" xmlns=\"http:\/\/www.w3.org\/2000\/svg\"><path d=\"M207.029 381.476L12.686 187.132c-9.373-9.373-9.373-24.569 0-33.941l22.667-22.667c9.357-9.357 24.522-9.375 33.901-.04L224 284.505l154.745-154.021c9.379-9.335 24.544-9.317 33.901.04l22.667 22.667c9.373 9.373 9.373 24.569 0 33.941L240.971 381.476c-9.373 9.372-24.569 9.372-33.942 0z\"><\/path><\/svg><\/span>\r\n      <\/h5>\r\n    <\/div>\r\n    <div id=\"collapse644\" class=\"collapse\" aria-labelledby=\"heading644\" data-bs-parent=\"#accordion-holder-863683\">\r\n      <div class=\"card-body\">\r\n        <p><span>Infinity Africa Finance combine expertise financi\u00e8re de haut niveau, <\/span><span>connaissance du march\u00e9 africain et solutions innovantes. Notre objectif <\/span><span>est de cr\u00e9er un impact durable et une croissance p\u00e9renne pour nos clients.<\/span><\/p>      <\/div>\r\n    <\/div>\r\n  <\/div>\r\n\r\n  <div class=\"card\">\r\n    <div class=\"card-header p-0\" id=\"heading645\">\r\n      <h5 class=\"title collapsed\" data-bs-toggle=\"collapse\" data-bs-target=\"#collapse645\" aria-expanded=\"false\" aria-controls=\"collapse645\">\r\n        <span class=\"text\">10 - Comment contacter Infinity Africa Finance ou soumettre un projet ?<\/span>\r\n        <span class=\"accordion-controls-icon\"><svg class=\"e-font-icon-svg e-fas-chevron-down\" viewbox=\"0 0 448 512\" xmlns=\"http:\/\/www.w3.org\/2000\/svg\"><path d=\"M207.029 381.476L12.686 187.132c-9.373-9.373-9.373-24.569 0-33.941l22.667-22.667c9.357-9.357 24.522-9.375 33.901-.04L224 284.505l154.745-154.021c9.379-9.335 24.544-9.317 33.901.04l22.667 22.667c9.373 9.373 9.373 24.569 0 33.941L240.971 381.476c-9.373 9.372-24.569 9.372-33.942 0z\"><\/path><\/svg><\/span>\r\n      <\/h5>\r\n    <\/div>\r\n    <div id=\"collapse645\" class=\"collapse\" aria-labelledby=\"heading645\" data-bs-parent=\"#accordion-holder-863683\">\r\n      <div class=\"card-body\">\r\n        <p><span>Vous pouvez nous contacter via notre site web ou par nos canaux de <\/span><span>communication officiels. Les porteurs de projets peuvent soumettre leur <\/span><span>dossier directement en ligne pour une premi\u00e8re \u00e9valuation.<\/span><\/p>      <\/div>\r\n    <\/div>\r\n  <\/div>\r\n\t\t<\/div>\r\n\t\t\t\t\t<\/div>\n\t\t\t\t<\/div>\n\t\t\t\t<\/div>\n\t\t\t\t<\/div>\n\t\t\t\t<\/div>\n\t\t\t\t\t<\/div>\n\t\t\t\t<\/div>\n\t\t\t\t<\/div>","protected":false},"excerpt":{"rendered":"<p>01 &#8211; Qu\u2019est-ce qu\u2019Infinity Africa Finance (IAF) ? Infinity Africa Finance est une banque d\u2019affaires panafricaine bas\u00e9e en C\u00f4te d\u2019Ivoire&#8230;.<\/p>","protected":false},"author":2,"featured_media":0,"parent":0,"menu_order":0,"comment_status":"closed","ping_status":"closed","template":"","meta":{"footnotes":""},"class_list":["post-21996","page","type-page","status-publish","hentry"],"_hostinger_reach_plugin_has_subscription_block":false,"_hostinger_reach_plugin_is_elementor":false,"_links":{"self":[{"href":"https:\/\/infinity-africa.finance\/en\/wp-json\/wp\/v2\/pages\/21996","targetHints":{"allow":["GET"]}}],"collection":[{"href":"https:\/\/infinity-africa.finance\/en\/wp-json\/wp\/v2\/pages"}],"about":[{"href":"https:\/\/infinity-africa.finance\/en\/wp-json\/wp\/v2\/types\/page"}],"author":[{"embeddable":true,"href":"https:\/\/infinity-africa.finance\/en\/wp-json\/wp\/v2\/users\/2"}],"replies":[{"embeddable":true,"href":"https:\/\/infinity-africa.finance\/en\/wp-json\/wp\/v2\/comments?post=21996"}],"version-history":[{"count":33,"href":"https:\/\/infinity-africa.finance\/en\/wp-json\/wp\/v2\/pages\/21996\/revisions"}],"predecessor-version":[{"id":31366,"href":"https:\/\/infinity-africa.finance\/en\/wp-json\/wp\/v2\/pages\/21996\/revisions\/31366"}],"wp:attachment":[{"href":"https:\/\/infinity-africa.finance\/en\/wp-json\/wp\/v2\/media?parent=21996"}],"curies":[{"name":"wp","href":"https:\/\/api.w.org\/{rel}","templated":true}]}}