{"id":21974,"date":"2024-12-01T06:00:26","date_gmt":"2024-12-01T06:00:26","guid":{"rendered":"https:\/\/dev243.kodesolution.com\/stratify\/?page_id=21974"},"modified":"2026-04-07T17:57:48","modified_gmt":"2026-04-07T17:57:48","slug":"pme-booster-360","status":"publish","type":"page","link":"https:\/\/infinity-africa.finance\/en\/pme-booster-360\/","title":{"rendered":"SME Booter 360"},"content":{"rendered":"<div data-elementor-type=\"wp-page\" data-elementor-id=\"21974\" class=\"elementor elementor-21974\" data-elementor-post-type=\"page\">\n\t\t\t\t<div class=\"elementor-element elementor-element-45f058d e-flex e-con-boxed tm-col-stretched-none tm-bg-color-over-image e-con e-parent\" data-id=\"45f058d\" data-element_type=\"container\" data-e-type=\"container\" data-settings=\"{&quot;background_background&quot;:&quot;classic&quot;}\">\n\t\t\t\t\t<div class=\"e-con-inner\">\n\t\t<div class=\"elementor-element elementor-element-f67192f e-con-full e-flex tm-col-stretched-none tm-bg-color-over-image e-con e-child\" data-id=\"f67192f\" data-element_type=\"container\" data-e-type=\"container\">\n\t\t\t\t<div class=\"elementor-element elementor-element-2772b3d elementor-widget elementor-widget-tm-ele-text-editor\" data-id=\"2772b3d\" data-element_type=\"widget\" data-e-type=\"widget\" data-widget_type=\"tm-ele-text-editor.default\">\n\t\t\t\t<div class=\"elementor-widget-container\">\n\t\t\t\t\t\t\t<div class=\"tm-text-editor\">\r\n\t\t<p>PME BOOSTER 360 est un programme innovant d\u2019accompagnement global, con\u00e7u pour acc\u00e9l\u00e9rer la croissance et la bancabilit\u00e9 des PME ivoiriennes et africaines francophones. Il combine diagnostic, structuration, financement et accompagnement strat\u00e9gique pour maximiser la performance et l\u2019impact \u00e9conomique des entreprises participantes.<\/p>\t\t<\/div>\r\n\t\t\t\t\t<\/div>\n\t\t\t\t<\/div>\n\t\t<div class=\"elementor-element elementor-element-8a41dac e-con-full e-flex tm-col-stretched-none tm-bg-color-over-image e-con e-child\" data-id=\"8a41dac\" data-element_type=\"container\" data-e-type=\"container\" data-settings=\"{&quot;background_background&quot;:&quot;classic&quot;}\">\n\t\t<div class=\"elementor-element elementor-element-70910dc e-con-full e-flex tm-col-stretched-none tm-bg-color-over-image e-con e-child\" data-id=\"70910dc\" data-element_type=\"container\" data-e-type=\"container\">\n\t\t\t\t<div class=\"elementor-element elementor-element-acec34a elementor-widget elementor-widget-tm-ele-iconbox\" data-id=\"acec34a\" data-element_type=\"widget\" data-e-type=\"widget\" data-widget_type=\"tm-ele-iconbox.default\">\n\t\t\t\t<div class=\"elementor-widget-container\">\n\t\t\t\t\t<div class=\"tm-sc-icon-box icon-box icon-top font-icon icon-top animate-hover icon-rotate-y\">\r\n\t\r\n  \t<div class=\"icon-box-wrapper\">\r\n\t\t\r\n\t\t<div class=\"icon-wrapper\">\r\n\t\t<div class=\"icon icon-circled icon-type-font-icon icon-sm\">\r\n\t\t\t<i aria-hidden=\"true\" class=\"flaticon-common-call\"><\/i>\t\t<\/div>\r\n\r\n\t\t\t<\/div>\r\n\t\t\t<div class=\"icon-text\">\r\n\t\t\t\t\t\t\r\n\t\t\t\t\t\t\t\t\r\n\t\t\t\r\n\t\r\n\t\t\t\t\t<\/div>\r\n\t\t<div class=\"clearfix\"><\/div>\r\n\t<\/div>\r\n<\/div>\t\t\t\t<\/div>\n\t\t\t\t<\/div>\n\t\t\t\t<div class=\"elementor-element elementor-element-6721457 elementor-widget elementor-widget-heading\" data-id=\"6721457\" data-element_type=\"widget\" data-e-type=\"widget\" data-widget_type=\"heading.default\">\n\t\t\t\t\t<h3 class=\"elementor-heading-title elementor-size-default\">Prenez contacts avec un conseiller<\/h3>\t\t\t\t<\/div>\n\t\t\t\t<div class=\"elementor-element elementor-element-56bc393 horizontal-line-align-left vertical-line-align-bottom elementor-widget elementor-widget-tm-ele-section-title\" data-id=\"56bc393\" data-element_type=\"widget\" data-e-type=\"widget\" data-widget_type=\"tm-ele-section-title.default\">\n\t\t\t\t<div class=\"elementor-widget-container\">\n\t\t\t\t\t<div class=\"tm-sc-section-title section-title\">\r\n\t<div class=\"title-wrapper\">\r\n\t\t\t\t\r\n\r\n<div class=\"sub-title-outer\">\r\n\t\t<p class=\"subtitle\">\r\n\r\n\t\t\r\n\t\tAppelez-nous\t<\/p>\r\n\t<\/div>\t\t\t<h5 class=\"title\"  >\r\n\r\n\t\t\r\n\t\t\t\t<span class=\"title-part1\">+225 27 22 22 34 67<\/span>\r\n\t\t\t\t\r\n\t\t\t\t\t\t\t\r\n\t<\/h5>\r\n\t<div class=\"title-seperator-line\"><\/div>\t\t\t\t\t\t<\/div>\r\n<\/div>\t\t\t\t<\/div>\n\t\t\t\t<\/div>\n\t\t\t\t<\/div>\n\t\t\t\t<\/div>\n\t\t\t\t<\/div>\n\t\t<div class=\"elementor-element elementor-element-8c93f97 e-con-full e-flex tm-col-stretched-none tm-bg-color-over-image e-con e-child\" data-id=\"8c93f97\" data-element_type=\"container\" data-e-type=\"container\">\n\t\t\t\t<div class=\"elementor-element elementor-element-0f31ffa elementor-widget elementor-widget-image\" data-id=\"0f31ffa\" data-element_type=\"widget\" data-e-type=\"widget\" data-widget_type=\"image.default\">\n\t\t\t\t\t\t\t\t\t\t\t\t\t\t\t<img decoding=\"async\" src=\"https:\/\/infinity-africa.finance\/wp-content\/uploads\/2026\/01\/IMAGE-1-SLIDE-20-scaled.jpg\" title=\"IMAGE 1 SLIDE 20\" alt=\"IMAGE 1 SLIDE 20\" loading=\"lazy\" \/>\t\t\t\t\t\t\t\t\t\t\t\t\t\t\t<\/div>\n\t\t\t\t<div class=\"elementor-element elementor-element-381f777 elementor-widget elementor-widget-tm-ele-text-editor\" data-id=\"381f777\" data-element_type=\"widget\" data-e-type=\"widget\" data-widget_type=\"tm-ele-text-editor.default\">\n\t\t\t\t<div class=\"elementor-widget-container\">\n\t\t\t\t\t\t\t<div class=\"tm-text-editor\">\r\n\t\t<h3 class=\"mt-4\"><span class=\"a_GcMg zYq_BQ\"> <\/span><span class=\"a_GcMg\">Principes cl\u00e9s du programme<\/span><\/h3>\t\t<\/div>\r\n\t\t\t\t\t<\/div>\n\t\t\t\t<\/div>\n\t\t\t\t<div class=\"elementor-element elementor-element-85ec663 elementor-widget elementor-widget-tm-ele-features-block\" data-id=\"85ec663\" data-element_type=\"widget\" data-e-type=\"widget\" data-widget_type=\"tm-ele-features-block.skin-style6\">\n\t\t\t\t<div class=\"elementor-widget-container\">\n\t\t\t\t\t\t<div class=\"tm-sc-features tm-features-grid\">\r\n\t\t<!-- Isotope Gallery Grid -->\r\n\t\t<div id=\"features-block-holder-947274\" class=\"isotope-layout grid-2 gutter-10 clearfix\">\r\n\t\t\t<div class=\"isotope-layout-inner\">\r\n\t\t\t\t<!-- the loop -->\r\n\t\t\t\t\t\t\t\t\t\t\t\t\t\t\t\t<div class=\"isotope-item features-item elementor-repeater-item-3236c6e\" data-wow-delay=\"\">\r\n\t\t\t\t\t<div class=\"features-block-style6\">\r\n  <div class=\"inner-box\">\r\n    <div class=\"feature-item\">\r\n      <div class=\"icon\">\r\n        <i aria-hidden=\"true\" class=\"flaticon-set-business-cube-1\"><\/i>      <\/div>\r\n      <div class=\"content\">\r\n        \r\n\t\t<h4 class=\"features-title\">\r\n\t\t\t\t\tApproche int\u00e9gr\u00e9e 360\u00b0\t\t\t<\/h4>\r\n\t        <div class=\"features-details\">Du diagnostic initial \u00e0 l\u2019acc\u00e8s\nau financement, jusqu\u2019au suivi\npost- financement.<\/div>\r\n      <\/div>\r\n    <\/div>\r\n  <\/div>\r\n<\/div>\t\t\t\t<\/div>\r\n\t\t\t\t\t\t\t\t\t\t\t\t\t\t\t\t<div class=\"isotope-item features-item elementor-repeater-item-d53b8b4\" data-wow-delay=\"\">\r\n\t\t\t\t\t<div class=\"features-block-style6\">\r\n  <div class=\"inner-box\">\r\n    <div class=\"feature-item\">\r\n      <div class=\"icon\">\r\n        <i aria-hidden=\"true\" class=\"flaticon-set-business-geometric-6\"><\/i>      <\/div>\r\n      <div class=\"content\">\r\n        \r\n\t\t<h4 class=\"features-title\">\r\n\t\t\t\t\tImpact mesurable \t\t\t<\/h4>\r\n\t        <div class=\"features-details\">Suivi des indicateurs financiers, op\u00e9rationnels et sociaux pour \u00e9valuer la performance et la contribution au d\u00e9veloppement \u00e9conomique.<\/div>\r\n      <\/div>\r\n    <\/div>\r\n  <\/div>\r\n<\/div>\t\t\t\t<\/div>\r\n\t\t\t\t\t\t\t\t\t\t\t\t\t\t\t\t<div class=\"isotope-item features-item elementor-repeater-item-8ca6eb5\" data-wow-delay=\"\">\r\n\t\t\t\t\t<div class=\"features-block-style6\">\r\n  <div class=\"inner-box\">\r\n    <div class=\"feature-item\">\r\n      <div class=\"icon\">\r\n        <i aria-hidden=\"true\" class=\"flaticon-set-business-puzzle\"><\/i>      <\/div>\r\n      <div class=\"content\">\r\n        \r\n\t\t<h4 class=\"features-title\">\r\n\t\t\t\t\tPersonnalisation\t\t\t<\/h4>\r\n\t        <div class=\"features-details\">Chaque PME b\u00e9n\u00e9ficie d\u2019un accompagnement adapt\u00e9 \u00e0 sa taille, son secteur et son niveau de maturit\u00e9.<\/div>\r\n      <\/div>\r\n    <\/div>\r\n  <\/div>\r\n<\/div>\t\t\t\t<\/div>\r\n\t\t\t\t\t\t\t\t\t\t\t\t\t\t\t\t<div class=\"isotope-item features-item elementor-repeater-item-493d3b2\" data-wow-delay=\"\">\r\n\t\t\t\t\t<div class=\"features-block-style6\">\r\n  <div class=\"inner-box\">\r\n    <div class=\"feature-item\">\r\n      <div class=\"icon\">\r\n        <i aria-hidden=\"true\" class=\"flaticon-set-business-growth\"><\/i>      <\/div>\r\n      <div class=\"content\">\r\n        \r\n\t\t<h4 class=\"features-title\">\r\n\t\t\t\t\tAcc\u00e9l\u00e9ration de la croissance\t\t\t<\/h4>\r\n\t        <div class=\"features-details\">Combinaison de conseils strat\u00e9giques et de solutions financi\u00e8res innovantes.<\/div>\r\n      <\/div>\r\n    <\/div>\r\n  <\/div>\r\n<\/div>\t\t\t\t<\/div>\r\n\t\t\t\t\t\t\t\t<!-- end of the loop -->\r\n\t\t\t<\/div>\r\n\t\t<\/div>\r\n\t\t\t<\/div>\r\n\r\n\t\t\t\t<\/div>\n\t\t\t\t<\/div>\n\t\t\t\t<\/div>\n\t\t\t\t\t<\/div>\n\t\t\t\t<\/div>\n\t\t<div class=\"elementor-element elementor-element-d1b9514 elementor-hidden-desktop elementor-hidden-tablet elementor-hidden-mobile e-flex e-con-boxed tm-col-stretched-none tm-bg-color-over-image e-con e-parent\" data-id=\"d1b9514\" data-element_type=\"container\" data-e-type=\"container\" data-settings=\"{&quot;background_background&quot;:&quot;classic&quot;}\">\n\t\t\t\t\t<div class=\"e-con-inner\">\n\t\t\t\t<div class=\"elementor-element elementor-element-f1a9df1 elementor-align-center elementor-hidden-desktop elementor-hidden-tablet elementor-hidden-mobile elementor-widget elementor-widget-button\" data-id=\"f1a9df1\" data-element_type=\"widget\" data-e-type=\"widget\" data-widget_type=\"button.default\">\n\t\t\t\t\t\t\t\t\t\t<a class=\"elementor-button elementor-button-link elementor-size-sm\" href=\"https:\/\/infinity-africa.finance\/wp-content\/uploads\/2026\/04\/PROGRAMME-PME-BOOSTER-360.pdf\">\n\t\t\t\t\t\t<span class=\"elementor-button-content-wrapper\">\n\t\t\t\t\t\t<span class=\"elementor-button-icon\">\n\t\t\t\t<svg aria-hidden=\"true\" class=\"e-font-icon-svg e-fas-file-download\" viewbox=\"0 0 384 512\" xmlns=\"http:\/\/www.w3.org\/2000\/svg\"><path d=\"M224 136V0H24C10.7 0 0 10.7 0 24v464c0 13.3 10.7 24 24 24h336c13.3 0 24-10.7 24-24V160H248c-13.2 0-24-10.8-24-24zm76.45 211.36l-96.42 95.7c-6.65 6.61-17.39 6.61-24.04 0l-96.42-95.7C73.42 337.29 80.54 320 94.82 320H160v-80c0-8.84 7.16-16 16-16h32c8.84 0 16 7.16 16 16v80h65.18c14.28 0 21.4 17.29 11.27 27.36zM377 105L279.1 7c-4.5-4.5-10.6-7-17-7H256v128h128v-6.1c0-6.3-2.5-12.4-7-16.9z\"><\/path><\/svg>\t\t\t<\/span>\n\t\t\t\t\t\t\t\t\t<span class=\"elementor-button-text\">VOIR LES DETAILS DU PROGRAMME<\/span>\n\t\t\t\t\t<\/span>\n\t\t\t\t\t<\/a>\n\t\t\t\t\t\t\t\t<\/div>\n\t\t\t\t\t<\/div>\n\t\t\t\t<\/div>\n\t\t\t\t<\/div>","protected":false},"excerpt":{"rendered":"<p>PME BOOSTER 360 est un programme innovant d\u2019accompagnement global, con\u00e7u pour acc\u00e9l\u00e9rer la croissance et la bancabilit\u00e9 des PME ivoiriennes&#8230;<\/p>","protected":false},"author":2,"featured_media":0,"parent":0,"menu_order":0,"comment_status":"closed","ping_status":"closed","template":"","meta":{"footnotes":""},"class_list":["post-21974","page","type-page","status-publish","hentry"],"_hostinger_reach_plugin_has_subscription_block":false,"_hostinger_reach_plugin_is_elementor":false,"_links":{"self":[{"href":"https:\/\/infinity-africa.finance\/en\/wp-json\/wp\/v2\/pages\/21974","targetHints":{"allow":["GET"]}}],"collection":[{"href":"https:\/\/infinity-africa.finance\/en\/wp-json\/wp\/v2\/pages"}],"about":[{"href":"https:\/\/infinity-africa.finance\/en\/wp-json\/wp\/v2\/types\/page"}],"author":[{"embeddable":true,"href":"https:\/\/infinity-africa.finance\/en\/wp-json\/wp\/v2\/users\/2"}],"replies":[{"embeddable":true,"href":"https:\/\/infinity-africa.finance\/en\/wp-json\/wp\/v2\/comments?post=21974"}],"version-history":[{"count":67,"href":"https:\/\/infinity-africa.finance\/en\/wp-json\/wp\/v2\/pages\/21974\/revisions"}],"predecessor-version":[{"id":31438,"href":"https:\/\/infinity-africa.finance\/en\/wp-json\/wp\/v2\/pages\/21974\/revisions\/31438"}],"wp:attachment":[{"href":"https:\/\/infinity-africa.finance\/en\/wp-json\/wp\/v2\/media?parent=21974"}],"curies":[{"name":"wp","href":"https:\/\/api.w.org\/{rel}","templated":true}]}}